{"id":2049,"date":"2024-07-09T10:10:58","date_gmt":"2024-07-09T13:10:58","guid":{"rendered":"https:\/\/marryejoias.com\/?page_id=2049"},"modified":"2024-07-10T16:10:21","modified_gmt":"2024-07-10T19:10:21","slug":"garantia-das-pecas","status":"publish","type":"page","link":"https:\/\/marryejoias.com\/index.php\/garantia-das-pecas\/","title":{"rendered":"Garantia das Pe\u00e7as"},"content":{"rendered":"<style>\/*! elementor - v3.17.0 - 08-11-2023 *\/\n.elementor-widget-image{text-align:center}.elementor-widget-image a{display:inline-block}.elementor-widget-image a img[src$=\".svg\"]{width:48px}.elementor-widget-image img{vertical-align:middle;display:inline-block}<\/style>\n<p>\t\t\t\t\t\t\t\t\t\t\t\t<img decoding=\"async\" width=\"300\" height=\"160\" src=\"http:\/\/marryejoias.com\/wp-content\/uploads\/2024\/05\/LOGO-300x160.png\" alt=\"\" srcset=\"https:\/\/marryejoias.com\/wp-content\/uploads\/2024\/05\/LOGO-300x160.png 300w, https:\/\/marryejoias.com\/wp-content\/uploads\/2024\/05\/LOGO-1024x546.png 1024w, https:\/\/marryejoias.com\/wp-content\/uploads\/2024\/05\/LOGO-768x409.png 768w, https:\/\/marryejoias.com\/wp-content\/uploads\/2024\/05\/LOGO.png 1314w\" sizes=\"(max-width: 300px) 100vw, 300px\" \/>\t\t\t\t\t\t\t\t\t\t\t\t\t\t\t<\/p>\n<p><strong>POL\u00cdTICA DE GARANTIA<\/strong><\/p>\n<p>*A Garantia para Acess\u00f3rios Finos (Cristais e Folheados) \u00e9 de 90 dias da data de compra e para Semi joias \u00e9 de 6 meses da data de compra.<\/p>\n<p>*A Garantia \u00e9 v\u00e1lida mediante apresenta\u00e7\u00e3o do produto acompanhado da TAG de garantia preenchida a data de venda ao cliente final;<\/p>\n<p>*A garantia n\u00e3o cobre defeitos causados por mau uso;<\/p>\n<p style=\"font-weight: 400;\"><strong><u>As pe\u00e7as consideradas fora da garantia s\u00e3o:<\/u><\/strong><\/p>\n<ul style=\"font-weight: 400;\">\n<li>Escurecidas por sujeira;<\/li>\n<li>Quebradas;<\/li>\n<li>Incompletas;<\/li>\n<li>Arranhadas;<\/li>\n<li>Arrebentadas;<\/li>\n<li>Amassadas;<\/li>\n<li>Avermelhadas;<\/li>\n<li>Por mau uso;<\/li>\n<li>Pe\u00e7as de encaixe;<\/li>\n<li>Desgastadas por uso constante;<\/li>\n<li>Desprendimento ou escurecimento de resina, pedras;<\/li>\n<li>Deforma\u00e7\u00f5es;<\/li>\n<li>Riscos na superf\u00edcie;<\/li>\n<li>Quebra ou rompimento\u00a0devido \u00e0 a\u00e7\u00e3o mec\u00e2nica e danos causados \u00e0 pe\u00e7a por produtos qu\u00edmicos ou abrasivos\u00a0inadequados ao contato;<\/li>\n<li>Manuten\u00e7\u00e3o de forma errada das mesmas s\u00e3o alguns exemplos de mal uso.<\/li>\n<\/ul>\n<p>\u00a0<\/p>\n<p>*Conforme c\u00f3digo de defesa do consumidor, temos o prazo de 30 (trinta) dias para analisar o produto e dar uma posi\u00e7\u00e3o para o cliente.<\/p>\n<p>*Comprovado o defeito de fabrica\u00e7\u00e3o, poderemos substituir por outro igual se o produto estiver dispon\u00edvel em estoque.\u00a0<\/p>\n<p>*Caso n\u00e3o possa ser substitu\u00eddo por outro igual, o cliente poder\u00e1 optar por receber cupom de cr\u00e9dito no valor da pe\u00e7a ou seu dinheiro de volta via pix (valor pago pela pe\u00e7a).<\/p>\n<p>*N\u00e3o trocamos pe\u00e7as novas\u00a0que o cliente n\u00e3o consiga revender.\u00a0\u00a0<\/p>\n<p>*N\u00e3o ser\u00e1 autorizada a troca\u00a0caso o defeito seja proveniente de mau uso ou desgaste.<\/p>\n<style>\/*! elementor - v3.17.0 - 08-11-2023 *\/\n.elementor-heading-title{padding:0;margin:0;line-height:1}.elementor-widget-heading .elementor-heading-title[class*=elementor-size-]>a{color:inherit;font-size:inherit;line-height:inherit}.elementor-widget-heading .elementor-heading-title.elementor-size-small{font-size:15px}.elementor-widget-heading .elementor-heading-title.elementor-size-medium{font-size:19px}.elementor-widget-heading .elementor-heading-title.elementor-size-large{font-size:29px}.elementor-widget-heading .elementor-heading-title.elementor-size-xl{font-size:39px}.elementor-widget-heading .elementor-heading-title.elementor-size-xxl{font-size:59px}<\/style>\n<h3><b>Designer Pr\u00f3prio<\/b><\/h3>\n","protected":false},"excerpt":{"rendered":"<p>POL\u00cdTICA DE GARANTIA *A Garantia para Acess\u00f3rios Finos (Cristais e Folheados) \u00e9 de 90 dias da data de compra e para Semi joias \u00e9 de 6 meses da data de compra. *A Garantia \u00e9 v\u00e1lida mediante apresenta\u00e7\u00e3o do produto acompanhado da TAG de garantia preenchida a data de venda ao cliente final; *A garantia n\u00e3o [&hellip;]<\/p>\n","protected":false},"author":2,"featured_media":0,"parent":0,"menu_order":0,"comment_status":"closed","ping_status":"closed","template":"","meta":{"footnotes":""},"_links":{"self":[{"href":"https:\/\/marryejoias.com\/index.php\/wp-json\/wp\/v2\/pages\/2049"}],"collection":[{"href":"https:\/\/marryejoias.com\/index.php\/wp-json\/wp\/v2\/pages"}],"about":[{"href":"https:\/\/marryejoias.com\/index.php\/wp-json\/wp\/v2\/types\/page"}],"author":[{"embeddable":true,"href":"https:\/\/marryejoias.com\/index.php\/wp-json\/wp\/v2\/users\/2"}],"replies":[{"embeddable":true,"href":"https:\/\/marryejoias.com\/index.php\/wp-json\/wp\/v2\/comments?post=2049"}],"version-history":[{"count":0,"href":"https:\/\/marryejoias.com\/index.php\/wp-json\/wp\/v2\/pages\/2049\/revisions"}],"wp:attachment":[{"href":"https:\/\/marryejoias.com\/index.php\/wp-json\/wp\/v2\/media?parent=2049"}],"curies":[{"name":"wp","href":"https:\/\/api.w.org\/{rel}","templated":true}]}}