{"id":2010,"date":"2024-07-08T12:58:38","date_gmt":"2024-07-08T15:58:38","guid":{"rendered":"https:\/\/marryejoias.com\/?page_id=2010"},"modified":"2024-07-10T15:53:00","modified_gmt":"2024-07-10T18:53:00","slug":"comprar-no-atacado","status":"publish","type":"page","link":"https:\/\/marryejoias.com\/index.php\/comprar-no-atacado\/","title":{"rendered":"Comprar no Atacado"},"content":{"rendered":"\t\t<div data-elementor-type=\"wp-page\" data-elementor-id=\"2010\" class=\"elementor elementor-2010\">\n\t\t\t\t\t\t\t<div class=\"elementor-element elementor-element-5e097a1 e-flex e-con-boxed e-con e-parent\" data-id=\"5e097a1\" data-element_type=\"container\" data-settings=\"{&quot;content_width&quot;:&quot;boxed&quot;}\" data-core-v316-plus=\"true\">\n\t\t\t\t\t<div class=\"e-con-inner\">\n\t\t\t\t<div class=\"elementor-element elementor-element-10bcc94 elementor-widget elementor-widget-image\" data-id=\"10bcc94\" data-element_type=\"widget\" data-widget_type=\"image.default\">\n\t\t\t\t<div class=\"elementor-widget-container\">\n\t\t\t<style>\/*! elementor - v3.17.0 - 08-11-2023 *\/\n.elementor-widget-image{text-align:center}.elementor-widget-image a{display:inline-block}.elementor-widget-image a img[src$=\".svg\"]{width:48px}.elementor-widget-image img{vertical-align:middle;display:inline-block}<\/style>\t\t\t\t\t\t\t\t\t\t\t\t<img decoding=\"async\" width=\"300\" height=\"160\" src=\"https:\/\/marryejoias.com\/wp-content\/uploads\/2024\/05\/LOGO-300x160.png\" class=\"attachment-medium size-medium wp-image-1403\" alt=\"\" srcset=\"https:\/\/marryejoias.com\/wp-content\/uploads\/2024\/05\/LOGO-300x160.png 300w, https:\/\/marryejoias.com\/wp-content\/uploads\/2024\/05\/LOGO-1024x546.png 1024w, https:\/\/marryejoias.com\/wp-content\/uploads\/2024\/05\/LOGO-768x409.png 768w, https:\/\/marryejoias.com\/wp-content\/uploads\/2024\/05\/LOGO.png 1314w\" sizes=\"(max-width: 300px) 100vw, 300px\" \/>\t\t\t\t\t\t\t\t\t\t\t\t\t\t\t<\/div>\n\t\t\t\t<\/div>\n\t\t\t\t\t<\/div>\n\t\t\t\t<\/div>\n\t\t<div class=\"elementor-element elementor-element-2372dad e-flex e-con-boxed e-con e-parent\" data-id=\"2372dad\" data-element_type=\"container\" data-settings=\"{&quot;content_width&quot;:&quot;boxed&quot;}\" data-core-v316-plus=\"true\">\n\t\t\t\t\t<div class=\"e-con-inner\">\n\t\t\t\t<div class=\"elementor-element elementor-element-2d77570 elementor-widget elementor-widget-text-editor\" data-id=\"2d77570\" data-element_type=\"widget\" data-widget_type=\"text-editor.default\">\n\t\t\t\t<div class=\"elementor-widget-container\">\n\t\t\t<style>\/*! elementor - v3.17.0 - 08-11-2023 *\/\n.elementor-widget-text-editor.elementor-drop-cap-view-stacked .elementor-drop-cap{background-color:#69727d;color:#fff}.elementor-widget-text-editor.elementor-drop-cap-view-framed .elementor-drop-cap{color:#69727d;border:3px solid;background-color:transparent}.elementor-widget-text-editor:not(.elementor-drop-cap-view-default) .elementor-drop-cap{margin-top:8px}.elementor-widget-text-editor:not(.elementor-drop-cap-view-default) .elementor-drop-cap-letter{width:1em;height:1em}.elementor-widget-text-editor .elementor-drop-cap{float:left;text-align:center;line-height:1;font-size:50px}.elementor-widget-text-editor .elementor-drop-cap-letter{display:inline-block}<\/style>\t\t\t\t<div class=\"flex-shrink-0 flex flex-col relative items-end\"><div><div class=\"pt-0.5 juice:pt-0\"><div class=\"gizmo-bot-avatar flex h-6 w-6 items-center justify-center overflow-hidden rounded-full juice:h-8 juice:w-8\"><div class=\"relative p-1 rounded-sm flex items-center justify-center bg-token-main-surface-primary text-token-text-primary h-8 w-8\"><strong>Confira nossos pre\u00e7os imbat\u00edveis direto de f\u00e1brica!<\/strong> Para garantir esses valores especiais, solicitamos um pedido m\u00ednimo de R$ 500,00.<\/div><\/div><\/div><\/div><\/div><p>Acima de R$ 1.000,00 conseguimos FRETE GR\u00c1TIS para todos os Estados do Sul e Sudeste.<\/p><ul><li><strong>\u00a0Para PROSEGUIR<\/strong> com sua compra no Atacado<strong> Clique no BOT\u00c3O ABAIXO<\/strong> e ser\u00e1 direcionado para nosso ATENDIMENTO AUTOM\u00c1TICO 24hrs onde ser\u00e1 perguntado sobre seus DADOS e LOCALIZA\u00c7\u00c3O. Na sequencia o Sistema vai te oferecer nosso CAT\u00c1LOGO DE AMOSTRAS e sem seguida te direcionar para uma VENDEDORA WEB:<\/li><\/ul>\t\t\t\t\t\t<\/div>\n\t\t\t\t<\/div>\n\t\t\t\t\t<\/div>\n\t\t\t\t<\/div>\n\t\t<div class=\"elementor-element elementor-element-400c1a2 e-flex e-con-boxed e-con e-parent\" data-id=\"400c1a2\" data-element_type=\"container\" data-settings=\"{&quot;content_width&quot;:&quot;boxed&quot;}\" data-core-v316-plus=\"true\">\n\t\t\t\t\t<div class=\"e-con-inner\">\n\t\t\t\t<div class=\"elementor-element elementor-element-eaa15a3 elementor-flip-box--3d elementor-flip-box--effect-flip elementor-flip-box--direction-up elementor-widget elementor-widget-flip-box\" data-id=\"eaa15a3\" data-element_type=\"widget\" data-widget_type=\"flip-box.default\">\n\t\t\t\t<div class=\"elementor-widget-container\">\n\t\t\t<link rel=\"stylesheet\" href=\"https:\/\/marryejoias.com\/wp-content\/plugins\/pro-elements\/assets\/css\/widget-flip-box.min.css\">\t\t<div class=\"elementor-flip-box\" tabindex=\"0\">\n\t\t\t<div class=\"elementor-flip-box__layer elementor-flip-box__front\">\n\t\t\t\t<div class=\"elementor-flip-box__layer__overlay\">\n\t\t\t\t\t<div class=\"elementor-flip-box__layer__inner\">\n\t\t\t\t\t\t\t\t\t\t\t\t\t<div class=\"elementor-icon-wrapper elementor-view-default\">\n\t\t\t\t\t\t\t\t<div class=\"elementor-icon\">\n\t\t\t\t\t\t\t\t\t<i class=\"fab fa-whatsapp\"><\/i>\t\t\t\t\t\t\t\t<\/div>\n\t\t\t\t\t\t\t<\/div>\n\t\t\t\t\t\t\n\t\t\t\t\t\t\t\t\t\t\t\t\t<h3 class=\"elementor-flip-box__layer__title\">\n\t\t\t\t\t\t\t\tEntre em contato por WhatsApp\t\t\t\t\t\t\t<\/h3>\n\t\t\t\t\t\t\n\t\t\t\t\t\t\t\t\t\t\t\t\t<div class=\"elementor-flip-box__layer__description\">\n\t\t\t\t\t\t\t\tAtendimento 24 horas\t\t\t\t\t\t\t<\/div>\n\t\t\t\t\t\t\t\t\t\t\t<\/div>\n\t\t\t\t<\/div>\n\t\t\t<\/div>\n\t\t\t<div class=\"elementor-flip-box__layer elementor-flip-box__back\">\n\t\t\t<div class=\"elementor-flip-box__layer__overlay\">\n\t\t\t\t<div class=\"elementor-flip-box__layer__inner\">\n\t\t\t\t\t\t\t\t\t\t\t<h3 class=\"elementor-flip-box__layer__title\">\n\t\t\t\t\t\t\tTire suas D\u00favidas\t\t\t\t\t\t<\/h3>\n\t\t\t\t\t\n\t\t\t\t\t\t\t\t\t\t\t<div class=\"elementor-flip-box__layer__description\">\n\t\t\t\t\t\t\t* Pergunte tudo sobre nossa QUALIDADE, Categorias de PRODUTOS, pe\u00e7a o CAT\u00c1LOGO  ou MARQUE um hor\u00e1rio com nossa VENDORA WEB.\t\t\t\t\t\t<\/div>\n\t\t\t\t\t\n\t\t\t\t\t\t\t\t\t\t\t<a class=\"elementor-flip-box__button elementor-button elementor-size-sm\" href=\"http:\/\/api.whatsapp.com\/send?phone=554522210599&#038;text=Vim%20do%20Site%20MARRYe%20e%20gostaria%20de%20mais%20informa\u00e7\u00f5es\">\n\t\t\t\t\t\t\tClique Aqui\t\t\t\t\t\t<\/a>\n\t\t\t\t\t\t\t\t<\/div>\n\t\t<\/div>\n\t\t<\/div>\n\t\t<\/div>\n\t\t\t\t<\/div>\n\t\t\t\t<\/div>\n\t\t\t\t\t<\/div>\n\t\t\t\t<\/div>\n\t\t\t\t\t\t\t<\/div>\n\t\t","protected":false},"excerpt":{"rendered":"<p>Confira nossos pre\u00e7os imbat\u00edveis direto de f\u00e1brica! Para garantir esses valores especiais, solicitamos um pedido m\u00ednimo de R$ 500,00. Acima de R$ 1.000,00 conseguimos FRETE GR\u00c1TIS para todos os Estados do Sul e Sudeste. \u00a0Para PROSEGUIR com sua compra no Atacado Clique no BOT\u00c3O ABAIXO e ser\u00e1 direcionado para nosso ATENDIMENTO AUTOM\u00c1TICO 24hrs onde ser\u00e1 [&hellip;]<\/p>\n","protected":false},"author":2,"featured_media":0,"parent":0,"menu_order":0,"comment_status":"closed","ping_status":"closed","template":"elementor_header_footer","meta":{"footnotes":""},"_links":{"self":[{"href":"https:\/\/marryejoias.com\/index.php\/wp-json\/wp\/v2\/pages\/2010"}],"collection":[{"href":"https:\/\/marryejoias.com\/index.php\/wp-json\/wp\/v2\/pages"}],"about":[{"href":"https:\/\/marryejoias.com\/index.php\/wp-json\/wp\/v2\/types\/page"}],"author":[{"embeddable":true,"href":"https:\/\/marryejoias.com\/index.php\/wp-json\/wp\/v2\/users\/2"}],"replies":[{"embeddable":true,"href":"https:\/\/marryejoias.com\/index.php\/wp-json\/wp\/v2\/comments?post=2010"}],"version-history":[{"count":0,"href":"https:\/\/marryejoias.com\/index.php\/wp-json\/wp\/v2\/pages\/2010\/revisions"}],"wp:attachment":[{"href":"https:\/\/marryejoias.com\/index.php\/wp-json\/wp\/v2\/media?parent=2010"}],"curies":[{"name":"wp","href":"https:\/\/api.w.org\/{rel}","templated":true}]}}